{"id":1022,"date":"2025-11-12T17:02:58","date_gmt":"2025-11-12T16:02:58","guid":{"rendered":"https:\/\/mobileroboticssummit.de\/booking\/?post_type=product&#038;p=1022"},"modified":"2025-11-12T17:37:40","modified_gmt":"2025-11-12T16:37:40","slug":"masterclass-push-notification","status":"publish","type":"product","link":"https:\/\/mobileroboticssummit.de\/booking\/shop\/masterclass-push-notification\/","title":{"rendered":"Masterclass Push Notification"},"content":{"rendered":"<h4><strong>Steigert die Sichtbarkeit eurer Masterclass!<\/strong><\/h4>\n<div><\/div>\n<div>\n<p>Erreicht <strong>alle Summit-Teilnehmenden<\/strong> direkt \u00fcber unsere Event-App: <strong>10 Minuten vor Beginn<\/strong> eurer Session erhalten alle Besucher eine Push Notification und ihr sorgt so f\u00fcr <strong>maximale Aufmerksamkeit und volle Pl\u00e4tze.<\/strong><\/p>\n<p>Dieses Feature ist <strong>exklusiv<\/strong> und nur f\u00fcr wenige Slots verf\u00fcgbar\u00a0&#8211; <strong>sichert euch jetzt euren Platz!<\/strong><\/p>\n<\/div>\n","protected":false},"excerpt":{"rendered":"<p>Steigert die Sichtbarkeit eurer Masterclass! Erreicht alle Summit-Teilnehmenden direkt \u00fcber unsere Event-App: 10 Minuten vor Beginn eurer Session erhalten alle Besucher eine Push Notification und ihr sorgt so f\u00fcr maximale Aufmerksamkeit und volle Pl\u00e4tze. Dieses Feature ist exklusiv und nur f\u00fcr wenige Slots verf\u00fcgbar\u00a0&#8211; sichert euch jetzt euren Platz!<\/p>\n","protected":false},"featured_media":1023,"comment_status":"open","ping_status":"closed","template":"","meta":[],"product_brand":[],"product_cat":[15],"product_tag":[],"class_list":{"0":"post-1022","1":"product","2":"type-product","3":"status-publish","4":"has-post-thumbnail","6":"product_cat-sales-networking","7":"entry","9":"first","10":"instock","11":"sold-individually","12":"taxable","13":"shipping-taxable","14":"purchasable","15":"product-type-simple"},"_links":{"self":[{"href":"https:\/\/mobileroboticssummit.de\/booking\/wp-json\/wp\/v2\/product\/1022","targetHints":{"allow":["GET"]}}],"collection":[{"href":"https:\/\/mobileroboticssummit.de\/booking\/wp-json\/wp\/v2\/product"}],"about":[{"href":"https:\/\/mobileroboticssummit.de\/booking\/wp-json\/wp\/v2\/types\/product"}],"replies":[{"embeddable":true,"href":"https:\/\/mobileroboticssummit.de\/booking\/wp-json\/wp\/v2\/comments?post=1022"}],"wp:featuredmedia":[{"embeddable":true,"href":"https:\/\/mobileroboticssummit.de\/booking\/wp-json\/wp\/v2\/media\/1023"}],"wp:attachment":[{"href":"https:\/\/mobileroboticssummit.de\/booking\/wp-json\/wp\/v2\/media?parent=1022"}],"wp:term":[{"taxonomy":"product_brand","embeddable":true,"href":"https:\/\/mobileroboticssummit.de\/booking\/wp-json\/wp\/v2\/product_brand?post=1022"},{"taxonomy":"product_cat","embeddable":true,"href":"https:\/\/mobileroboticssummit.de\/booking\/wp-json\/wp\/v2\/product_cat?post=1022"},{"taxonomy":"product_tag","embeddable":true,"href":"https:\/\/mobileroboticssummit.de\/booking\/wp-json\/wp\/v2\/product_tag?post=1022"}],"curies":[{"name":"wp","href":"https:\/\/api.w.org\/{rel}","templated":true}]}}