{"id":261,"date":"2021-12-16T07:58:12","date_gmt":"2021-12-16T06:58:12","guid":{"rendered":"https:\/\/procurementsummit.de\/booking\/?post_type=product&#038;p=261"},"modified":"2025-11-12T17:59:56","modified_gmt":"2025-11-12T16:59:56","slug":"eisbar","status":"publish","type":"product","link":"https:\/\/mobileroboticssummit.de\/booking\/shop\/eisbar\/","title":{"rendered":"Frozen Joghurt Bar"},"content":{"rendered":"<p>Wertet euren Stand mit einer <strong>Frozen Joghurt Bar<\/strong> auf. Die Profis vor Ort bereiten die Frozen Joghurt Becher zu.<\/p>\n<p>Gr\u00f6\u00dfe ca. 6 m\u00b2, inkl. M\u00f6bel, Bar, individuelles Branding und Personal. Es werden <strong>1.000 Portionen f\u00fcr beide Eventtage<\/strong> zur Verf\u00fcgung gestellt.<\/p>\n<p>Noch mehr kalten Genuss? Buche <strong>weitere 100 Portionen f\u00fcr 705\u20ac<\/strong> dazu.<\/p>\n<p>Die Frozen Joghurt Bar wird in euren Stand integriert und ist somit ein <strong>perfekter Besuchermagnet<\/strong>.<\/p>\n","protected":false},"excerpt":{"rendered":"<p>Wertet euren Stand mit einer Frozen Joghurt Bar auf. Die Profis vor Ort bereiten die Frozen Joghurt Becher zu. Gr\u00f6\u00dfe ca. 6 m\u00b2, inkl. M\u00f6bel, Bar, individuelles Branding und Personal. Es werden 1.000 Portionen f\u00fcr beide Eventtage zur Verf\u00fcgung gestellt. Noch mehr kalten Genuss? Buche weitere 100 Portionen f\u00fcr 705\u20ac dazu. Die Frozen Joghurt Bar&hellip; <a class=\"more-link\" href=\"https:\/\/mobileroboticssummit.de\/booking\/shop\/eisbar\/\"><span class=\"screen-reader-text\">Frozen Joghurt Bar<\/span> weiterlesen<\/a><\/p>\n","protected":false},"featured_media":1016,"comment_status":"open","ping_status":"closed","template":"","meta":[],"product_brand":[],"product_cat":[56],"product_tag":[],"class_list":{"0":"post-261","1":"product","2":"type-product","3":"status-publish","4":"has-post-thumbnail","6":"product_cat-lead-magnets","7":"entry","9":"first","10":"instock","11":"sold-individually","12":"taxable","13":"shipping-taxable","14":"purchasable","15":"product-type-simple"},"_links":{"self":[{"href":"https:\/\/mobileroboticssummit.de\/booking\/wp-json\/wp\/v2\/product\/261","targetHints":{"allow":["GET"]}}],"collection":[{"href":"https:\/\/mobileroboticssummit.de\/booking\/wp-json\/wp\/v2\/product"}],"about":[{"href":"https:\/\/mobileroboticssummit.de\/booking\/wp-json\/wp\/v2\/types\/product"}],"replies":[{"embeddable":true,"href":"https:\/\/mobileroboticssummit.de\/booking\/wp-json\/wp\/v2\/comments?post=261"}],"wp:featuredmedia":[{"embeddable":true,"href":"https:\/\/mobileroboticssummit.de\/booking\/wp-json\/wp\/v2\/media\/1016"}],"wp:attachment":[{"href":"https:\/\/mobileroboticssummit.de\/booking\/wp-json\/wp\/v2\/media?parent=261"}],"wp:term":[{"taxonomy":"product_brand","embeddable":true,"href":"https:\/\/mobileroboticssummit.de\/booking\/wp-json\/wp\/v2\/product_brand?post=261"},{"taxonomy":"product_cat","embeddable":true,"href":"https:\/\/mobileroboticssummit.de\/booking\/wp-json\/wp\/v2\/product_cat?post=261"},{"taxonomy":"product_tag","embeddable":true,"href":"https:\/\/mobileroboticssummit.de\/booking\/wp-json\/wp\/v2\/product_tag?post=261"}],"curies":[{"name":"wp","href":"https:\/\/api.w.org\/{rel}","templated":true}]}}