{"id":431,"date":"2022-03-30T02:05:20","date_gmt":"2022-03-30T00:05:20","guid":{"rendered":"https:\/\/logisticssummit.de\/booking\/?post_type=product&#038;p=431"},"modified":"2025-11-12T17:41:10","modified_gmt":"2025-11-12T16:41:10","slug":"messehostessen-verteilen-eure-give-aways","status":"publish","type":"product","link":"https:\/\/mobileroboticssummit.de\/booking\/shop\/messehostessen-verteilen-eure-give-aways\/","title":{"rendered":"Messehostessen verteilen eure Giveaways"},"content":{"rendered":"<p><strong>Bringt Euch ins Gespr\u00e4ch!<\/strong><\/p>\n<p>Lasst durch unsere Hostessen Eure Informationen \/ Give-Aways an die Teilnehmenden des Mobile Robotics Summit <strong>im gesamten Veranstaltungsbereich<\/strong> verteilen.<\/p>\n<p>Ausgenommen sind lediglich die Main Stage sowie kritischen Bereiche, an denen wir einen reibungslosen Zugang sicherstellen m\u00fcssen.<\/p>\n<p>Die Werbegeschenke werden uns von Euch zur Verf\u00fcgung gestellt. Nach der Veranstaltung stellt Ihr bitte die R\u00fcckf\u00fchrung der ggfs. nicht verteilten Restbest\u00e4nde sicher, da wir Euch sonst eventuelle Kosten zur Entsorgung weiterberechnen m\u00fcssten.<\/p>\n","protected":false},"excerpt":{"rendered":"<p>Bringt Euch ins Gespr\u00e4ch! Lasst durch unsere Hostessen Eure Informationen \/ Give-Aways an die Teilnehmenden des Mobile Robotics Summit im gesamten Veranstaltungsbereich verteilen. Ausgenommen sind lediglich die Main Stage sowie kritischen Bereiche, an denen wir einen reibungslosen Zugang sicherstellen m\u00fcssen. Die Werbegeschenke werden uns von Euch zur Verf\u00fcgung gestellt. Nach der Veranstaltung stellt Ihr bitte&hellip; <a class=\"more-link\" href=\"https:\/\/mobileroboticssummit.de\/booking\/shop\/messehostessen-verteilen-eure-give-aways\/\"><span class=\"screen-reader-text\">Messehostessen verteilen eure Giveaways<\/span> weiterlesen<\/a><\/p>\n","protected":false},"featured_media":836,"comment_status":"open","ping_status":"closed","template":"","meta":[],"product_brand":[],"product_cat":[17],"product_tag":[],"class_list":{"0":"post-431","1":"product","2":"type-product","3":"status-publish","4":"has-post-thumbnail","6":"product_cat-branding","7":"entry","9":"first","10":"instock","11":"sold-individually","12":"taxable","13":"shipping-taxable","14":"purchasable","15":"product-type-simple"},"_links":{"self":[{"href":"https:\/\/mobileroboticssummit.de\/booking\/wp-json\/wp\/v2\/product\/431","targetHints":{"allow":["GET"]}}],"collection":[{"href":"https:\/\/mobileroboticssummit.de\/booking\/wp-json\/wp\/v2\/product"}],"about":[{"href":"https:\/\/mobileroboticssummit.de\/booking\/wp-json\/wp\/v2\/types\/product"}],"replies":[{"embeddable":true,"href":"https:\/\/mobileroboticssummit.de\/booking\/wp-json\/wp\/v2\/comments?post=431"}],"wp:featuredmedia":[{"embeddable":true,"href":"https:\/\/mobileroboticssummit.de\/booking\/wp-json\/wp\/v2\/media\/836"}],"wp:attachment":[{"href":"https:\/\/mobileroboticssummit.de\/booking\/wp-json\/wp\/v2\/media?parent=431"}],"wp:term":[{"taxonomy":"product_brand","embeddable":true,"href":"https:\/\/mobileroboticssummit.de\/booking\/wp-json\/wp\/v2\/product_brand?post=431"},{"taxonomy":"product_cat","embeddable":true,"href":"https:\/\/mobileroboticssummit.de\/booking\/wp-json\/wp\/v2\/product_cat?post=431"},{"taxonomy":"product_tag","embeddable":true,"href":"https:\/\/mobileroboticssummit.de\/booking\/wp-json\/wp\/v2\/product_tag?post=431"}],"curies":[{"name":"wp","href":"https:\/\/api.w.org\/{rel}","templated":true}]}}