{"id":55,"date":"2021-10-28T16:05:07","date_gmt":"2021-10-28T14:05:07","guid":{"rendered":"https:\/\/procurementsummit.de\/packages\/?post_type=product&#038;p=55"},"modified":"2025-11-12T18:02:43","modified_gmt":"2025-11-12T17:02:43","slug":"smoothie-bike","status":"publish","type":"product","link":"https:\/\/mobileroboticssummit.de\/booking\/shop\/smoothie-bike\/","title":{"rendered":"Smoothie-Bar"},"content":{"rendered":"<p>Generiere f\u00fcr Dich eine <strong>herausragende Sichtbarkeit und Kontaktm\u00f6glichkeiten<\/strong> in unserem Messebereich mit unserer <strong>Smoothie-Bar<\/strong>.<\/p>\n<p>Wir stellen Euch die Fl\u00e4che ca. <strong>6m\u00b2, das Equipment, euer individuelles Branding und die Profis zur Verf\u00fcgung.<\/strong><\/p>\n<p>Standpersonal und <strong>750 Portionen pro Tag<\/strong> sind mit inbegriffen.<\/p>\n<p><strong>Erg\u00e4nze deinen Stand um die Smoothie-Bar und bringe gesunde Aufmerksamkeit deinem Unternehmen.<\/strong><\/p>\n","protected":false},"excerpt":{"rendered":"<p>Generiere f\u00fcr Dich eine herausragende Sichtbarkeit und Kontaktm\u00f6glichkeiten in unserem Messebereich mit unserer Smoothie-Bar. Wir stellen Euch die Fl\u00e4che ca. 6m\u00b2, das Equipment, euer individuelles Branding und die Profis zur Verf\u00fcgung. Standpersonal und 750 Portionen pro Tag sind mit inbegriffen. Erg\u00e4nze deinen Stand um die Smoothie-Bar und bringe gesunde Aufmerksamkeit deinem Unternehmen.<\/p>\n","protected":false},"featured_media":808,"comment_status":"open","ping_status":"closed","template":"","meta":[],"product_brand":[],"product_cat":[56],"product_tag":[],"class_list":{"0":"post-55","1":"product","2":"type-product","3":"status-publish","4":"has-post-thumbnail","6":"product_cat-lead-magnets","7":"entry","9":"first","10":"instock","11":"sold-individually","12":"taxable","13":"shipping-taxable","14":"purchasable","15":"product-type-simple"},"_links":{"self":[{"href":"https:\/\/mobileroboticssummit.de\/booking\/wp-json\/wp\/v2\/product\/55","targetHints":{"allow":["GET"]}}],"collection":[{"href":"https:\/\/mobileroboticssummit.de\/booking\/wp-json\/wp\/v2\/product"}],"about":[{"href":"https:\/\/mobileroboticssummit.de\/booking\/wp-json\/wp\/v2\/types\/product"}],"replies":[{"embeddable":true,"href":"https:\/\/mobileroboticssummit.de\/booking\/wp-json\/wp\/v2\/comments?post=55"}],"wp:featuredmedia":[{"embeddable":true,"href":"https:\/\/mobileroboticssummit.de\/booking\/wp-json\/wp\/v2\/media\/808"}],"wp:attachment":[{"href":"https:\/\/mobileroboticssummit.de\/booking\/wp-json\/wp\/v2\/media?parent=55"}],"wp:term":[{"taxonomy":"product_brand","embeddable":true,"href":"https:\/\/mobileroboticssummit.de\/booking\/wp-json\/wp\/v2\/product_brand?post=55"},{"taxonomy":"product_cat","embeddable":true,"href":"https:\/\/mobileroboticssummit.de\/booking\/wp-json\/wp\/v2\/product_cat?post=55"},{"taxonomy":"product_tag","embeddable":true,"href":"https:\/\/mobileroboticssummit.de\/booking\/wp-json\/wp\/v2\/product_tag?post=55"}],"curies":[{"name":"wp","href":"https:\/\/api.w.org\/{rel}","templated":true}]}}