{"id":56,"date":"2021-10-28T16:06:06","date_gmt":"2021-10-28T14:06:06","guid":{"rendered":"https:\/\/procurementsummit.de\/packages\/?post_type=product&#038;p=56"},"modified":"2025-11-12T18:00:56","modified_gmt":"2025-11-12T17:00:56","slug":"kaffee-bar","status":"publish","type":"product","link":"https:\/\/mobileroboticssummit.de\/booking\/shop\/kaffee-bar\/","title":{"rendered":"Kaffee Lounge Bar"},"content":{"rendered":"<p>Wertet euren Stand mit einer <strong>Kaffee-Bar (Espresso und andere Kaffeespezialit\u00e4ten) inklusive Barista<\/strong> auf.<\/p>\n<p>Gr\u00f6\u00dfe ca. <strong>6 m\u00b2, inkl. M\u00f6bel, individuellem Branding und Personal<\/strong>. Es werden <strong>2.000 f\u00fcr beide Eventtage<\/strong> zur Verf\u00fcgung gestellt.<\/p>\n<p>Noch mehr k\u00f6stlichen Kaffee-Genuss? Buche <strong>weitere 100 Portionen f\u00fcr 554\u20ac<\/strong> dazu.<\/p>\n<p>Die Kaffee-Bar wird in euren Stand integriert und ist somit ein perfekter Besuchermagnet.<\/p>\n","protected":false},"excerpt":{"rendered":"<p>Wertet euren Stand mit einer Kaffee-Bar (Espresso und andere Kaffeespezialit\u00e4ten) inklusive Barista auf. Gr\u00f6\u00dfe ca. 6 m\u00b2, inkl. M\u00f6bel, individuellem Branding und Personal. Es werden 2.000 f\u00fcr beide Eventtage zur Verf\u00fcgung gestellt. Noch mehr k\u00f6stlichen Kaffee-Genuss? Buche weitere 100 Portionen f\u00fcr 554\u20ac dazu. Die Kaffee-Bar wird in euren Stand integriert und ist somit ein perfekter&hellip; <a class=\"more-link\" href=\"https:\/\/mobileroboticssummit.de\/booking\/shop\/kaffee-bar\/\"><span class=\"screen-reader-text\">Kaffee Lounge Bar<\/span> weiterlesen<\/a><\/p>\n","protected":false},"featured_media":810,"comment_status":"open","ping_status":"closed","template":"","meta":[],"product_brand":[],"product_cat":[56],"product_tag":[],"class_list":{"0":"post-56","1":"product","2":"type-product","3":"status-publish","4":"has-post-thumbnail","6":"product_cat-lead-magnets","7":"entry","9":"first","10":"instock","11":"sold-individually","12":"taxable","13":"shipping-taxable","14":"purchasable","15":"product-type-simple"},"_links":{"self":[{"href":"https:\/\/mobileroboticssummit.de\/booking\/wp-json\/wp\/v2\/product\/56","targetHints":{"allow":["GET"]}}],"collection":[{"href":"https:\/\/mobileroboticssummit.de\/booking\/wp-json\/wp\/v2\/product"}],"about":[{"href":"https:\/\/mobileroboticssummit.de\/booking\/wp-json\/wp\/v2\/types\/product"}],"replies":[{"embeddable":true,"href":"https:\/\/mobileroboticssummit.de\/booking\/wp-json\/wp\/v2\/comments?post=56"}],"wp:featuredmedia":[{"embeddable":true,"href":"https:\/\/mobileroboticssummit.de\/booking\/wp-json\/wp\/v2\/media\/810"}],"wp:attachment":[{"href":"https:\/\/mobileroboticssummit.de\/booking\/wp-json\/wp\/v2\/media?parent=56"}],"wp:term":[{"taxonomy":"product_brand","embeddable":true,"href":"https:\/\/mobileroboticssummit.de\/booking\/wp-json\/wp\/v2\/product_brand?post=56"},{"taxonomy":"product_cat","embeddable":true,"href":"https:\/\/mobileroboticssummit.de\/booking\/wp-json\/wp\/v2\/product_cat?post=56"},{"taxonomy":"product_tag","embeddable":true,"href":"https:\/\/mobileroboticssummit.de\/booking\/wp-json\/wp\/v2\/product_tag?post=56"}],"curies":[{"name":"wp","href":"https:\/\/api.w.org\/{rel}","templated":true}]}}