{"id":58,"date":"2021-10-28T16:08:01","date_gmt":"2021-10-28T14:08:01","guid":{"rendered":"https:\/\/procurementsummit.de\/packages\/?post_type=product&#038;p=58"},"modified":"2025-11-12T16:20:10","modified_gmt":"2025-11-12T15:20:10","slug":"30-minuetige-masterclass","status":"publish","type":"product","link":"https:\/\/mobileroboticssummit.de\/booking\/shop\/30-minuetige-masterclass\/","title":{"rendered":"30 min\u00fctige Masterclass"},"content":{"rendered":"<p>Bringt euer Thema als <strong>30 min\u00fctige Masterclass<\/strong> auf die B\u00fchne einer Masterclass Stage des Mobile Robotics Summit<\/p>\n<p>Eure Masterclass ist offizieller Bestandteil des Programms.<\/p>\n<p>In der Gestaltung der Inhalte seit ihr v\u00f6llig frei. <strong>Inklusive Leads aller Zuschauer<\/strong>:<\/p>\n<p>Ihr erhaltet von den Zuschauern <strong>Name, Position, Unternehmen und Email.<\/strong><\/p>\n<p><strong>Teilnehmeranzahl bis zu 100 Personen.<\/strong><\/p>\n<div>Die Zeitslots der Masterclasses werden nach Verf\u00fcgbarkeit vergeben. Je fr\u00fcher ihr bucht, umso gr\u00f6\u00dfer die Auswahl der Slots.<\/div>\n","protected":false},"excerpt":{"rendered":"<p>Bringt euer Thema als 30 min\u00fctige Masterclass auf die B\u00fchne einer Masterclass Stage des Mobile Robotics Summit Eure Masterclass ist offizieller Bestandteil des Programms. In der Gestaltung der Inhalte seit ihr v\u00f6llig frei. Inklusive Leads aller Zuschauer: Ihr erhaltet von den Zuschauern Name, Position, Unternehmen und Email. Teilnehmeranzahl bis zu 100 Personen. Die Zeitslots der&hellip; <a class=\"more-link\" href=\"https:\/\/mobileroboticssummit.de\/booking\/shop\/30-minuetige-masterclass\/\"><span class=\"screen-reader-text\">30 min\u00fctige Masterclass<\/span> weiterlesen<\/a><\/p>\n","protected":false},"featured_media":812,"comment_status":"open","ping_status":"closed","template":"","meta":[],"product_brand":[],"product_cat":[18],"product_tag":[21],"class_list":{"0":"post-58","1":"product","2":"type-product","3":"status-publish","4":"has-post-thumbnail","6":"product_cat-content","7":"product_tag-highlight","8":"entry","10":"first","11":"instock","12":"sold-individually","13":"taxable","14":"shipping-taxable","15":"purchasable","16":"product-type-simple"},"_links":{"self":[{"href":"https:\/\/mobileroboticssummit.de\/booking\/wp-json\/wp\/v2\/product\/58","targetHints":{"allow":["GET"]}}],"collection":[{"href":"https:\/\/mobileroboticssummit.de\/booking\/wp-json\/wp\/v2\/product"}],"about":[{"href":"https:\/\/mobileroboticssummit.de\/booking\/wp-json\/wp\/v2\/types\/product"}],"replies":[{"embeddable":true,"href":"https:\/\/mobileroboticssummit.de\/booking\/wp-json\/wp\/v2\/comments?post=58"}],"wp:featuredmedia":[{"embeddable":true,"href":"https:\/\/mobileroboticssummit.de\/booking\/wp-json\/wp\/v2\/media\/812"}],"wp:attachment":[{"href":"https:\/\/mobileroboticssummit.de\/booking\/wp-json\/wp\/v2\/media?parent=58"}],"wp:term":[{"taxonomy":"product_brand","embeddable":true,"href":"https:\/\/mobileroboticssummit.de\/booking\/wp-json\/wp\/v2\/product_brand?post=58"},{"taxonomy":"product_cat","embeddable":true,"href":"https:\/\/mobileroboticssummit.de\/booking\/wp-json\/wp\/v2\/product_cat?post=58"},{"taxonomy":"product_tag","embeddable":true,"href":"https:\/\/mobileroboticssummit.de\/booking\/wp-json\/wp\/v2\/product_tag?post=58"}],"curies":[{"name":"wp","href":"https:\/\/api.w.org\/{rel}","templated":true}]}}