{"id":596,"date":"2023-07-03T15:14:53","date_gmt":"2023-07-03T13:14:53","guid":{"rendered":"https:\/\/logisticssummit.de\/booking\/?post_type=product&#038;p=596"},"modified":"2025-11-12T17:38:08","modified_gmt":"2025-11-12T16:38:08","slug":"sponsored-lunch-2","status":"publish","type":"product","link":"https:\/\/mobileroboticssummit.de\/booking\/shop\/sponsored-lunch-2\/","title":{"rendered":"Sponsored Lunch"},"content":{"rendered":"<h3 data-start=\"147\" data-end=\"216\"><strong data-start=\"151\" data-end=\"216\">Sponsored Lunch \u2013 Exklusives Networking auf Entscheider-Level<\/strong><\/h3>\n<p>&nbsp;<\/p>\n<p data-start=\"218\" data-end=\"490\">Positioniert eure Marke im exklusiven Rahmen eines\u00a0<strong data-start=\"269\" data-end=\"290\">Sponsored Lunches<\/strong>, der\u00a0<strong data-start=\"296\" data-end=\"356\">an einem der Veranstaltungstage w\u00e4hrend der Mittagspause<\/strong>\u00a0stattfindet. Die Location ist fu\u00dfl\u00e4ufig vom Summit erreichbar und bietet den idealen Rahmen f\u00fcr pers\u00f6nlichen Austausch auf Augenh\u00f6he.<\/p>\n<p data-start=\"804\" data-end=\"962\"><strong data-start=\"804\" data-end=\"892\">Zus\u00e4tzlich habt ihr die M\u00f6glichkeit, gezielt eigene Wunschg\u00e4ste zum Lunch einzuladen<\/strong>, um den Austausch noch individueller und wirkungsvoller zu gestalten.<\/p>\n<p data-start=\"804\" data-end=\"962\">Maximal 30 Teilnehmende.<\/p>\n<p data-start=\"964\" data-end=\"1091\">Ihr gestaltet das Erlebnis aktiv mit \u2013 zum Beispiel durch eine pers\u00f6nliche\u00a0<strong data-start=\"1039\" data-end=\"1068\">Begr\u00fc\u00dfung oder Impulsrede<\/strong>\u00a0zu Beginn des Lunches.<\/p>\n<p data-start=\"1093\" data-end=\"1229\"><strong data-start=\"1093\" data-end=\"1117\">Speisen und Getr\u00e4nke<\/strong> sind selbstverst\u00e4ndlich inklusive. Ihr konzentriert euch ganz auf das Networking \u2013 wir k\u00fcmmern uns um den Rest.<\/p>\n","protected":false},"excerpt":{"rendered":"<p>Sponsored Lunch \u2013 Exklusives Networking auf Entscheider-Level &nbsp; Positioniert eure Marke im exklusiven Rahmen eines\u00a0Sponsored Lunches, der\u00a0an einem der Veranstaltungstage w\u00e4hrend der Mittagspause\u00a0stattfindet. Die Location ist fu\u00dfl\u00e4ufig vom Summit erreichbar und bietet den idealen Rahmen f\u00fcr pers\u00f6nlichen Austausch auf Augenh\u00f6he. Zus\u00e4tzlich habt ihr die M\u00f6glichkeit, gezielt eigene Wunschg\u00e4ste zum Lunch einzuladen, um den Austausch noch&hellip; <a class=\"more-link\" href=\"https:\/\/mobileroboticssummit.de\/booking\/shop\/sponsored-lunch-2\/\"><span class=\"screen-reader-text\">Sponsored Lunch<\/span> weiterlesen<\/a><\/p>\n","protected":false},"featured_media":840,"comment_status":"open","ping_status":"closed","template":"","meta":[],"product_brand":[],"product_cat":[15],"product_tag":[],"class_list":{"0":"post-596","1":"product","2":"type-product","3":"status-publish","4":"has-post-thumbnail","6":"product_cat-sales-networking","7":"entry","9":"first","10":"instock","11":"sold-individually","12":"taxable","13":"shipping-taxable","14":"purchasable","15":"product-type-simple"},"_links":{"self":[{"href":"https:\/\/mobileroboticssummit.de\/booking\/wp-json\/wp\/v2\/product\/596","targetHints":{"allow":["GET"]}}],"collection":[{"href":"https:\/\/mobileroboticssummit.de\/booking\/wp-json\/wp\/v2\/product"}],"about":[{"href":"https:\/\/mobileroboticssummit.de\/booking\/wp-json\/wp\/v2\/types\/product"}],"replies":[{"embeddable":true,"href":"https:\/\/mobileroboticssummit.de\/booking\/wp-json\/wp\/v2\/comments?post=596"}],"wp:featuredmedia":[{"embeddable":true,"href":"https:\/\/mobileroboticssummit.de\/booking\/wp-json\/wp\/v2\/media\/840"}],"wp:attachment":[{"href":"https:\/\/mobileroboticssummit.de\/booking\/wp-json\/wp\/v2\/media?parent=596"}],"wp:term":[{"taxonomy":"product_brand","embeddable":true,"href":"https:\/\/mobileroboticssummit.de\/booking\/wp-json\/wp\/v2\/product_brand?post=596"},{"taxonomy":"product_cat","embeddable":true,"href":"https:\/\/mobileroboticssummit.de\/booking\/wp-json\/wp\/v2\/product_cat?post=596"},{"taxonomy":"product_tag","embeddable":true,"href":"https:\/\/mobileroboticssummit.de\/booking\/wp-json\/wp\/v2\/product_tag?post=596"}],"curies":[{"name":"wp","href":"https:\/\/api.w.org\/{rel}","templated":true}]}}