{"id":894,"date":"2025-11-10T14:19:53","date_gmt":"2025-11-10T13:19:53","guid":{"rendered":"https:\/\/mobileroboticssummit.de\/booking\/?post_type=product&#038;p=894"},"modified":"2025-11-12T17:58:18","modified_gmt":"2025-11-12T16:58:18","slug":"crepe-stand","status":"publish","type":"product","link":"https:\/\/mobileroboticssummit.de\/booking\/shop\/crepe-stand\/","title":{"rendered":"Cr\u00eape Stand"},"content":{"rendered":"<p>Wertet euren Stand mit einem <strong>Cr\u00eapestand<\/strong> auf. Die Profis vor Ort bereiten die Cr\u00eapes selber zu.<\/p>\n<p>Gr\u00f6\u00dfe ca. 6 m\u00b2, inkl. M\u00f6bel, individuellem Branding und Personal. Es werden <strong>1.000 Portionen f\u00fcr die beiden Eventtage<\/strong> zur Verf\u00fcgung gestellt.<\/p>\n<p>Mehr leckere Cr\u00eapes? Buche <strong>100 weitere Portionen f\u00fcr 756\u20ac<\/strong> dazu.<\/p>\n<p>Der Cr\u00eapestand wird in euren Stand integriert und ist somit ein perfekter <strong>Besuchermagnet<\/strong>.<\/p>\n","protected":false},"excerpt":{"rendered":"<p>Wertet euren Stand mit einem Cr\u00eapestand auf. Die Profis vor Ort bereiten die Cr\u00eapes selber zu. Gr\u00f6\u00dfe ca. 6 m\u00b2, inkl. M\u00f6bel, individuellem Branding und Personal. Es werden 1.000 Portionen f\u00fcr die beiden Eventtage zur Verf\u00fcgung gestellt. Mehr leckere Cr\u00eapes? Buche 100 weitere Portionen f\u00fcr 756\u20ac dazu. Der Cr\u00eapestand wird in euren Stand integriert und&hellip; <a class=\"more-link\" href=\"https:\/\/mobileroboticssummit.de\/booking\/shop\/crepe-stand\/\"><span class=\"screen-reader-text\">Cr\u00eape Stand<\/span> weiterlesen<\/a><\/p>\n","protected":false},"featured_media":909,"comment_status":"open","ping_status":"closed","template":"","meta":[],"product_brand":[],"product_cat":[56],"product_tag":[58,59,60],"class_list":{"0":"post-894","1":"product","2":"type-product","3":"status-publish","4":"has-post-thumbnail","6":"product_cat-lead-magnets","7":"product_tag-crepe","8":"product_tag-crepes","9":"product_tag-crepestand","10":"entry","12":"first","13":"instock","14":"sold-individually","15":"taxable","16":"shipping-taxable","17":"purchasable","18":"product-type-simple"},"_links":{"self":[{"href":"https:\/\/mobileroboticssummit.de\/booking\/wp-json\/wp\/v2\/product\/894","targetHints":{"allow":["GET"]}}],"collection":[{"href":"https:\/\/mobileroboticssummit.de\/booking\/wp-json\/wp\/v2\/product"}],"about":[{"href":"https:\/\/mobileroboticssummit.de\/booking\/wp-json\/wp\/v2\/types\/product"}],"replies":[{"embeddable":true,"href":"https:\/\/mobileroboticssummit.de\/booking\/wp-json\/wp\/v2\/comments?post=894"}],"wp:featuredmedia":[{"embeddable":true,"href":"https:\/\/mobileroboticssummit.de\/booking\/wp-json\/wp\/v2\/media\/909"}],"wp:attachment":[{"href":"https:\/\/mobileroboticssummit.de\/booking\/wp-json\/wp\/v2\/media?parent=894"}],"wp:term":[{"taxonomy":"product_brand","embeddable":true,"href":"https:\/\/mobileroboticssummit.de\/booking\/wp-json\/wp\/v2\/product_brand?post=894"},{"taxonomy":"product_cat","embeddable":true,"href":"https:\/\/mobileroboticssummit.de\/booking\/wp-json\/wp\/v2\/product_cat?post=894"},{"taxonomy":"product_tag","embeddable":true,"href":"https:\/\/mobileroboticssummit.de\/booking\/wp-json\/wp\/v2\/product_tag?post=894"}],"curies":[{"name":"wp","href":"https:\/\/api.w.org\/{rel}","templated":true}]}}