{"id":897,"date":"2025-11-10T14:19:53","date_gmt":"2025-11-10T13:19:53","guid":{"rendered":"https:\/\/mobileroboticssummit.de\/booking\/?post_type=product&#038;p=897"},"modified":"2025-11-12T17:40:46","modified_gmt":"2025-11-12T16:40:46","slug":"kuehlschrankbranding-8-stk","status":"publish","type":"product","link":"https:\/\/mobileroboticssummit.de\/booking\/shop\/kuehlschrankbranding-8-stk\/","title":{"rendered":"K\u00fchlschrankbranding"},"content":{"rendered":"<p data-start=\"121\" data-end=\"392\">Steigert die <strong>Pr\u00e4senz eurer Marke<\/strong> in der Messehalle mit <strong>individuell gebrandeten K\u00fchlschr\u00e4nken!<\/strong><\/p>\n<p data-start=\"121\" data-end=\"392\">Strategisch platziert ziehen sie die<strong> Blicke der Besucher<\/strong> auf sich und sorgen f\u00fcr <strong>einen bleibenden Eindruck<\/strong>.<\/p>\n<p data-start=\"394\" data-end=\"422\">Preis:\u00a0<strong>310 \u20ac pro Ger\u00e4t<\/strong><\/p>\n","protected":false},"excerpt":{"rendered":"<p>Steigert die Pr\u00e4senz eurer Marke in der Messehalle mit individuell gebrandeten K\u00fchlschr\u00e4nken! Strategisch platziert ziehen sie die Blicke der Besucher auf sich und sorgen f\u00fcr einen bleibenden Eindruck. Preis:\u00a0310 \u20ac pro Ger\u00e4t<\/p>\n","protected":false},"featured_media":915,"comment_status":"open","ping_status":"closed","template":"","meta":[],"product_brand":[],"product_cat":[17],"product_tag":[],"class_list":{"0":"post-897","1":"product","2":"type-product","3":"status-publish","4":"has-post-thumbnail","6":"product_cat-branding","7":"entry","9":"first","10":"instock","11":"sold-individually","12":"taxable","13":"shipping-taxable","14":"purchasable","15":"product-type-simple"},"_links":{"self":[{"href":"https:\/\/mobileroboticssummit.de\/booking\/wp-json\/wp\/v2\/product\/897","targetHints":{"allow":["GET"]}}],"collection":[{"href":"https:\/\/mobileroboticssummit.de\/booking\/wp-json\/wp\/v2\/product"}],"about":[{"href":"https:\/\/mobileroboticssummit.de\/booking\/wp-json\/wp\/v2\/types\/product"}],"replies":[{"embeddable":true,"href":"https:\/\/mobileroboticssummit.de\/booking\/wp-json\/wp\/v2\/comments?post=897"}],"wp:featuredmedia":[{"embeddable":true,"href":"https:\/\/mobileroboticssummit.de\/booking\/wp-json\/wp\/v2\/media\/915"}],"wp:attachment":[{"href":"https:\/\/mobileroboticssummit.de\/booking\/wp-json\/wp\/v2\/media?parent=897"}],"wp:term":[{"taxonomy":"product_brand","embeddable":true,"href":"https:\/\/mobileroboticssummit.de\/booking\/wp-json\/wp\/v2\/product_brand?post=897"},{"taxonomy":"product_cat","embeddable":true,"href":"https:\/\/mobileroboticssummit.de\/booking\/wp-json\/wp\/v2\/product_cat?post=897"},{"taxonomy":"product_tag","embeddable":true,"href":"https:\/\/mobileroboticssummit.de\/booking\/wp-json\/wp\/v2\/product_tag?post=897"}],"curies":[{"name":"wp","href":"https:\/\/api.w.org\/{rel}","templated":true}]}}