{"id":898,"date":"2025-11-10T14:19:54","date_gmt":"2025-11-10T13:19:54","guid":{"rendered":"https:\/\/mobileroboticssummit.de\/booking\/?post_type=product&#038;p=898"},"modified":"2025-11-12T18:04:09","modified_gmt":"2025-11-12T17:04:09","slug":"eisbar-2","status":"publish","type":"product","link":"https:\/\/mobileroboticssummit.de\/booking\/shop\/eisbar-2\/","title":{"rendered":"Eisbar"},"content":{"rendered":"<p>Wertet euren Stand mit einer <strong>Eisbar<\/strong> auf. Die Profis vor Ort bereiten die Eisbecher zu.<\/p>\n<p>Gr\u00f6\u00dfe ca. <strong>6 m\u00b2, inkl. M\u00f6bel, Eiscreme bar, individuellem Branding und Personal<\/strong>. Es werden <strong>1.500 Portionen f\u00fcr beide Eventtage<\/strong> zur Verf\u00fcgung gestellt.<\/p>\n<p>Mehr Eis-Genuss? Buche weitere <strong>100 Portionen f\u00fcr 816\u20ac<\/strong> dazu.<\/p>\n<p><strong>Die Bar wird in euren Stand integriert und ist somit ein perfekter Besuchermagnet.<\/strong><\/p>\n","protected":false},"excerpt":{"rendered":"<p>Wertet euren Stand mit einer Eisbar auf. Die Profis vor Ort bereiten die Eisbecher zu. Gr\u00f6\u00dfe ca. 6 m\u00b2, inkl. M\u00f6bel, Eiscreme bar, individuellem Branding und Personal. Es werden 1.500 Portionen f\u00fcr beide Eventtage zur Verf\u00fcgung gestellt. Mehr Eis-Genuss? Buche weitere 100 Portionen f\u00fcr 816\u20ac dazu. Die Bar wird in euren Stand integriert und ist&hellip; <a class=\"more-link\" href=\"https:\/\/mobileroboticssummit.de\/booking\/shop\/eisbar-2\/\"><span class=\"screen-reader-text\">Eisbar<\/span> weiterlesen<\/a><\/p>\n","protected":false},"featured_media":1012,"comment_status":"open","ping_status":"closed","template":"","meta":[],"product_brand":[],"product_cat":[56],"product_tag":[],"class_list":{"0":"post-898","1":"product","2":"type-product","3":"status-publish","4":"has-post-thumbnail","6":"product_cat-lead-magnets","7":"entry","9":"first","10":"instock","11":"sold-individually","12":"taxable","13":"shipping-taxable","14":"purchasable","15":"product-type-simple"},"_links":{"self":[{"href":"https:\/\/mobileroboticssummit.de\/booking\/wp-json\/wp\/v2\/product\/898","targetHints":{"allow":["GET"]}}],"collection":[{"href":"https:\/\/mobileroboticssummit.de\/booking\/wp-json\/wp\/v2\/product"}],"about":[{"href":"https:\/\/mobileroboticssummit.de\/booking\/wp-json\/wp\/v2\/types\/product"}],"replies":[{"embeddable":true,"href":"https:\/\/mobileroboticssummit.de\/booking\/wp-json\/wp\/v2\/comments?post=898"}],"wp:featuredmedia":[{"embeddable":true,"href":"https:\/\/mobileroboticssummit.de\/booking\/wp-json\/wp\/v2\/media\/1012"}],"wp:attachment":[{"href":"https:\/\/mobileroboticssummit.de\/booking\/wp-json\/wp\/v2\/media?parent=898"}],"wp:term":[{"taxonomy":"product_brand","embeddable":true,"href":"https:\/\/mobileroboticssummit.de\/booking\/wp-json\/wp\/v2\/product_brand?post=898"},{"taxonomy":"product_cat","embeddable":true,"href":"https:\/\/mobileroboticssummit.de\/booking\/wp-json\/wp\/v2\/product_cat?post=898"},{"taxonomy":"product_tag","embeddable":true,"href":"https:\/\/mobileroboticssummit.de\/booking\/wp-json\/wp\/v2\/product_tag?post=898"}],"curies":[{"name":"wp","href":"https:\/\/api.w.org\/{rel}","templated":true}]}}