{"id":900,"date":"2025-11-10T14:19:54","date_gmt":"2025-11-10T13:19:54","guid":{"rendered":"https:\/\/mobileroboticssummit.de\/booking\/?post_type=product&#038;p=900"},"modified":"2025-11-12T18:02:19","modified_gmt":"2025-11-12T17:02:19","slug":"popcornmaschine","status":"publish","type":"product","link":"https:\/\/mobileroboticssummit.de\/booking\/shop\/popcornmaschine\/","title":{"rendered":"Popcornmaschine"},"content":{"rendered":"<p data-start=\"0\" data-end=\"79\"><strong data-start=\"0\" data-end=\"79\">Popcorn-Maschine auf dem Summit \u2013 Knuspriger Hingucker mit Nostalgie-Faktor<\/strong><\/p>\n<p data-start=\"81\" data-end=\"304\">Bringt Messezauber und Kino-Feeling auf euren Stand \u2013 mit unserer Popcorn-Maschine auf dem Summit! Der unwiderstehliche Duft von frisch gepopptem Mais zieht Besucher an, sorgt f\u00fcr Gespr\u00e4chsanl\u00e4sse und bleibt im Ged\u00e4chtnis.<\/p>\n<p data-start=\"306\" data-end=\"476\">Inklusive:\u00a0<strong data-start=\"317\" data-end=\"372\">Fl\u00e4che, Equipment, individuelles Branding, Personal<\/strong> \u2013 und <strong>1.500\u00a0Portionen f\u00fcr zwei Tage<\/strong>.<br data-start=\"411\" data-end=\"414\" \/>Mehr Popcorn?\u00a0<strong data-start=\"428\" data-end=\"467\">100 zus\u00e4tzliche Portionen f\u00fcr 530\u202f\u20ac<\/strong>\u00a0buchbar.<\/p>\n<p data-start=\"478\" data-end=\"543\" data-is-last-node=\"\" data-is-only-node=\"\"><strong data-start=\"478\" data-end=\"543\" data-is-last-node=\"\">Jetzt mit knusprigem Charme und starker Pr\u00e4senz durchstarten!<\/strong><\/p>\n","protected":false},"excerpt":{"rendered":"<p>Popcorn-Maschine auf dem Summit \u2013 Knuspriger Hingucker mit Nostalgie-Faktor Bringt Messezauber und Kino-Feeling auf euren Stand \u2013 mit unserer Popcorn-Maschine auf dem Summit! Der unwiderstehliche Duft von frisch gepopptem Mais zieht Besucher an, sorgt f\u00fcr Gespr\u00e4chsanl\u00e4sse und bleibt im Ged\u00e4chtnis. Inklusive:\u00a0Fl\u00e4che, Equipment, individuelles Branding, Personal \u2013 und 1.500\u00a0Portionen f\u00fcr zwei Tage.Mehr Popcorn?\u00a0100 zus\u00e4tzliche Portionen f\u00fcr&hellip; <a class=\"more-link\" href=\"https:\/\/mobileroboticssummit.de\/booking\/shop\/popcornmaschine\/\"><span class=\"screen-reader-text\">Popcornmaschine<\/span> weiterlesen<\/a><\/p>\n","protected":false},"featured_media":1014,"comment_status":"open","ping_status":"closed","template":"","meta":[],"product_brand":[],"product_cat":[56],"product_tag":[],"class_list":{"0":"post-900","1":"product","2":"type-product","3":"status-publish","4":"has-post-thumbnail","6":"product_cat-lead-magnets","7":"entry","9":"first","10":"instock","11":"sold-individually","12":"taxable","13":"shipping-taxable","14":"purchasable","15":"product-type-simple"},"_links":{"self":[{"href":"https:\/\/mobileroboticssummit.de\/booking\/wp-json\/wp\/v2\/product\/900","targetHints":{"allow":["GET"]}}],"collection":[{"href":"https:\/\/mobileroboticssummit.de\/booking\/wp-json\/wp\/v2\/product"}],"about":[{"href":"https:\/\/mobileroboticssummit.de\/booking\/wp-json\/wp\/v2\/types\/product"}],"replies":[{"embeddable":true,"href":"https:\/\/mobileroboticssummit.de\/booking\/wp-json\/wp\/v2\/comments?post=900"}],"wp:featuredmedia":[{"embeddable":true,"href":"https:\/\/mobileroboticssummit.de\/booking\/wp-json\/wp\/v2\/media\/1014"}],"wp:attachment":[{"href":"https:\/\/mobileroboticssummit.de\/booking\/wp-json\/wp\/v2\/media?parent=900"}],"wp:term":[{"taxonomy":"product_brand","embeddable":true,"href":"https:\/\/mobileroboticssummit.de\/booking\/wp-json\/wp\/v2\/product_brand?post=900"},{"taxonomy":"product_cat","embeddable":true,"href":"https:\/\/mobileroboticssummit.de\/booking\/wp-json\/wp\/v2\/product_cat?post=900"},{"taxonomy":"product_tag","embeddable":true,"href":"https:\/\/mobileroboticssummit.de\/booking\/wp-json\/wp\/v2\/product_tag?post=900"}],"curies":[{"name":"wp","href":"https:\/\/api.w.org\/{rel}","templated":true}]}}