{"id":902,"date":"2025-11-10T14:19:55","date_gmt":"2025-11-10T13:19:55","guid":{"rendered":"https:\/\/mobileroboticssummit.de\/booking\/?post_type=product&#038;p=902"},"modified":"2025-11-12T18:03:08","modified_gmt":"2025-11-12T17:03:08","slug":"sushi-bar","status":"publish","type":"product","link":"https:\/\/mobileroboticssummit.de\/booking\/shop\/sushi-bar\/","title":{"rendered":"Sushi Bar"},"content":{"rendered":"<p><strong>Sushi-Bar<\/strong> auf dem Summit \u2013 Frische trifft <strong>Premium-Pr\u00e4senz<\/strong><\/p>\n<p>Setzt ein <strong>stilvolles Statement<\/strong> mit unserer Sushi-Bar auf dem Summit \u2013 f\u00fcr alle, die auf Qualit\u00e4t, \u00c4sthetik und Wirkung setzen. Frisch zubereitetes Sushi zieht Blicke der Besucher an und schafft einen <strong>exklusiven Rahmen f\u00fcr genussvolle Gespr\u00e4che<\/strong>.<\/p>\n<p>Inklusive: Fl\u00e4che, Equipment, individuelles Branding, professionelles Personal \u2013 und 1.500 Portionen f\u00fcr zwei Tage.<\/p>\n<p>Mehr Genuss? 100 zus\u00e4tzliche Portionen f\u00fcr 900\u202f\u20ac buchbar.<\/p>\n<p><strong>Jetzt mit Premium-Konzept und feinstem Geschmack durchstarten!<\/strong><\/p>\n","protected":false},"excerpt":{"rendered":"<p>Sushi-Bar auf dem Summit \u2013 Frische trifft Premium-Pr\u00e4senz Setzt ein stilvolles Statement mit unserer Sushi-Bar auf dem Summit \u2013 f\u00fcr alle, die auf Qualit\u00e4t, \u00c4sthetik und Wirkung setzen. Frisch zubereitetes Sushi zieht Blicke der Besucher an und schafft einen exklusiven Rahmen f\u00fcr genussvolle Gespr\u00e4che. Inklusive: Fl\u00e4che, Equipment, individuelles Branding, professionelles Personal \u2013 und 1.500 Portionen&hellip; <a class=\"more-link\" href=\"https:\/\/mobileroboticssummit.de\/booking\/shop\/sushi-bar\/\"><span class=\"screen-reader-text\">Sushi Bar<\/span> weiterlesen<\/a><\/p>\n","protected":false},"featured_media":929,"comment_status":"open","ping_status":"closed","template":"","meta":[],"product_brand":[],"product_cat":[56],"product_tag":[],"class_list":{"0":"post-902","1":"product","2":"type-product","3":"status-publish","4":"has-post-thumbnail","6":"product_cat-lead-magnets","7":"entry","9":"first","10":"instock","11":"sold-individually","12":"taxable","13":"shipping-taxable","14":"purchasable","15":"product-type-simple"},"_links":{"self":[{"href":"https:\/\/mobileroboticssummit.de\/booking\/wp-json\/wp\/v2\/product\/902","targetHints":{"allow":["GET"]}}],"collection":[{"href":"https:\/\/mobileroboticssummit.de\/booking\/wp-json\/wp\/v2\/product"}],"about":[{"href":"https:\/\/mobileroboticssummit.de\/booking\/wp-json\/wp\/v2\/types\/product"}],"replies":[{"embeddable":true,"href":"https:\/\/mobileroboticssummit.de\/booking\/wp-json\/wp\/v2\/comments?post=902"}],"wp:featuredmedia":[{"embeddable":true,"href":"https:\/\/mobileroboticssummit.de\/booking\/wp-json\/wp\/v2\/media\/929"}],"wp:attachment":[{"href":"https:\/\/mobileroboticssummit.de\/booking\/wp-json\/wp\/v2\/media?parent=902"}],"wp:term":[{"taxonomy":"product_brand","embeddable":true,"href":"https:\/\/mobileroboticssummit.de\/booking\/wp-json\/wp\/v2\/product_brand?post=902"},{"taxonomy":"product_cat","embeddable":true,"href":"https:\/\/mobileroboticssummit.de\/booking\/wp-json\/wp\/v2\/product_cat?post=902"},{"taxonomy":"product_tag","embeddable":true,"href":"https:\/\/mobileroboticssummit.de\/booking\/wp-json\/wp\/v2\/product_tag?post=902"}],"curies":[{"name":"wp","href":"https:\/\/api.w.org\/{rel}","templated":true}]}}