{"id":903,"date":"2025-11-10T14:19:55","date_gmt":"2025-11-10T13:19:55","guid":{"rendered":"https:\/\/mobileroboticssummit.de\/booking\/?post_type=product&#038;p=903"},"modified":"2025-11-12T18:00:28","modified_gmt":"2025-11-12T17:00:28","slug":"hot-dog-stand","status":"publish","type":"product","link":"https:\/\/mobileroboticssummit.de\/booking\/shop\/hot-dog-stand\/","title":{"rendered":"Hot Dog Stand"},"content":{"rendered":"<p data-start=\"181\" data-end=\"479\">Zieht Besucher an euren Messestand mit unserem <strong>k\u00f6stlichen Hot Dog<\/strong> Stand! Frisch zubereitete Hot Dogs sind der perfekte <strong>Gespr\u00e4chsstarter<\/strong> und machen jeden Besuch unvergesslich. Ideal, um <strong>Leads zu generieren<\/strong> und euren Stand noch attraktiver zu machen.<\/p>\n<p data-start=\"181\" data-end=\"479\">Es stehen <strong>1.000 Portionen f\u00fcr die beiden Eventtage<\/strong> zur Verf\u00fcgung.<\/p>\n<p data-start=\"181\" data-end=\"479\">Noch mehr Hot Dogs? Bucht weitere <strong>100 Portionen f\u00fcr 1.173\u20ac<\/strong> dazu.<\/p>\n<p data-start=\"481\" data-end=\"569\">Lockt die Messebesucher mit dem unvergleichbaren Geruch von frischen Hot Dogs an euren Stand und <strong>beginnt ein Gespr\u00e4ch<\/strong> mit ihnen.<\/p>\n","protected":false},"excerpt":{"rendered":"<p>Zieht Besucher an euren Messestand mit unserem k\u00f6stlichen Hot Dog Stand! Frisch zubereitete Hot Dogs sind der perfekte Gespr\u00e4chsstarter und machen jeden Besuch unvergesslich. Ideal, um Leads zu generieren und euren Stand noch attraktiver zu machen. Es stehen 1.000 Portionen f\u00fcr die beiden Eventtage zur Verf\u00fcgung. Noch mehr Hot Dogs? Bucht weitere 100 Portionen f\u00fcr&hellip; <a class=\"more-link\" href=\"https:\/\/mobileroboticssummit.de\/booking\/shop\/hot-dog-stand\/\"><span class=\"screen-reader-text\">Hot Dog Stand<\/span> weiterlesen<\/a><\/p>\n","protected":false},"featured_media":931,"comment_status":"open","ping_status":"closed","template":"","meta":[],"product_brand":[],"product_cat":[56],"product_tag":[],"class_list":{"0":"post-903","1":"product","2":"type-product","3":"status-publish","4":"has-post-thumbnail","6":"product_cat-lead-magnets","7":"entry","9":"first","10":"instock","11":"sold-individually","12":"taxable","13":"shipping-taxable","14":"purchasable","15":"product-type-simple"},"_links":{"self":[{"href":"https:\/\/mobileroboticssummit.de\/booking\/wp-json\/wp\/v2\/product\/903","targetHints":{"allow":["GET"]}}],"collection":[{"href":"https:\/\/mobileroboticssummit.de\/booking\/wp-json\/wp\/v2\/product"}],"about":[{"href":"https:\/\/mobileroboticssummit.de\/booking\/wp-json\/wp\/v2\/types\/product"}],"replies":[{"embeddable":true,"href":"https:\/\/mobileroboticssummit.de\/booking\/wp-json\/wp\/v2\/comments?post=903"}],"wp:featuredmedia":[{"embeddable":true,"href":"https:\/\/mobileroboticssummit.de\/booking\/wp-json\/wp\/v2\/media\/931"}],"wp:attachment":[{"href":"https:\/\/mobileroboticssummit.de\/booking\/wp-json\/wp\/v2\/media?parent=903"}],"wp:term":[{"taxonomy":"product_brand","embeddable":true,"href":"https:\/\/mobileroboticssummit.de\/booking\/wp-json\/wp\/v2\/product_brand?post=903"},{"taxonomy":"product_cat","embeddable":true,"href":"https:\/\/mobileroboticssummit.de\/booking\/wp-json\/wp\/v2\/product_cat?post=903"},{"taxonomy":"product_tag","embeddable":true,"href":"https:\/\/mobileroboticssummit.de\/booking\/wp-json\/wp\/v2\/product_tag?post=903"}],"curies":[{"name":"wp","href":"https:\/\/api.w.org\/{rel}","templated":true}]}}