{"id":906,"date":"2025-11-10T14:19:56","date_gmt":"2025-11-10T13:19:56","guid":{"rendered":"https:\/\/mobileroboticssummit.de\/booking\/?post_type=product&#038;p=906"},"modified":"2025-11-17T16:25:04","modified_gmt":"2025-11-17T15:25:04","slug":"bubble-tea-bar","status":"publish","type":"product","link":"https:\/\/mobileroboticssummit.de\/booking\/shop\/bubble-tea-bar\/","title":{"rendered":"Bubble Tea Bar"},"content":{"rendered":"<p>Wertet euren Stand mit einer <strong>Bubble Tea Station<\/strong> auf.\u00a0 Die Profis vor Ort bereiten die Bubble Teas zu.<\/p>\n<p>Gr\u00f6\u00dfe ca. <strong>6 m\u00b2, inkl. M\u00f6bel, Stand, pers\u00f6nlichem Branding und Personal<\/strong>. Es werden <strong>1.000 Portionen f\u00fcr die beiden Eventtage<\/strong> zur Verf\u00fcgung gestellt.<\/p>\n<p>Noch mehr Bubble Tea? Buche weitere <strong>100 Portionen f\u00fcr 693\u20ac<\/strong> dazu.<\/p>\n<p>Die Bubble Tea Station wird in euren Stand integriert und ist somit ein <strong>perfekter Besuchermagnet<\/strong>.<\/p>\n","protected":false},"excerpt":{"rendered":"<p>Wertet euren Stand mit einer Bubble Tea Station auf.\u00a0 Die Profis vor Ort bereiten die Bubble Teas zu. Gr\u00f6\u00dfe ca. 6 m\u00b2, inkl. M\u00f6bel, Stand, pers\u00f6nlichem Branding und Personal. Es werden 1.000 Portionen f\u00fcr die beiden Eventtage zur Verf\u00fcgung gestellt. Noch mehr Bubble Tea? Buche weitere 100 Portionen f\u00fcr 693\u20ac dazu. Die Bubble Tea Station&hellip; <a class=\"more-link\" href=\"https:\/\/mobileroboticssummit.de\/booking\/shop\/bubble-tea-bar\/\"><span class=\"screen-reader-text\">Bubble Tea Bar<\/span> weiterlesen<\/a><\/p>\n","protected":false},"featured_media":1035,"comment_status":"open","ping_status":"closed","template":"","meta":[],"product_brand":[],"product_cat":[56],"product_tag":[],"class_list":{"0":"post-906","1":"product","2":"type-product","3":"status-publish","4":"has-post-thumbnail","6":"product_cat-lead-magnets","7":"entry","9":"first","10":"instock","11":"sold-individually","12":"taxable","13":"shipping-taxable","14":"purchasable","15":"product-type-simple"},"_links":{"self":[{"href":"https:\/\/mobileroboticssummit.de\/booking\/wp-json\/wp\/v2\/product\/906","targetHints":{"allow":["GET"]}}],"collection":[{"href":"https:\/\/mobileroboticssummit.de\/booking\/wp-json\/wp\/v2\/product"}],"about":[{"href":"https:\/\/mobileroboticssummit.de\/booking\/wp-json\/wp\/v2\/types\/product"}],"replies":[{"embeddable":true,"href":"https:\/\/mobileroboticssummit.de\/booking\/wp-json\/wp\/v2\/comments?post=906"}],"wp:featuredmedia":[{"embeddable":true,"href":"https:\/\/mobileroboticssummit.de\/booking\/wp-json\/wp\/v2\/media\/1035"}],"wp:attachment":[{"href":"https:\/\/mobileroboticssummit.de\/booking\/wp-json\/wp\/v2\/media?parent=906"}],"wp:term":[{"taxonomy":"product_brand","embeddable":true,"href":"https:\/\/mobileroboticssummit.de\/booking\/wp-json\/wp\/v2\/product_brand?post=906"},{"taxonomy":"product_cat","embeddable":true,"href":"https:\/\/mobileroboticssummit.de\/booking\/wp-json\/wp\/v2\/product_cat?post=906"},{"taxonomy":"product_tag","embeddable":true,"href":"https:\/\/mobileroboticssummit.de\/booking\/wp-json\/wp\/v2\/product_tag?post=906"}],"curies":[{"name":"wp","href":"https:\/\/api.w.org\/{rel}","templated":true}]}}