{"id":907,"date":"2025-11-10T14:19:56","date_gmt":"2025-11-10T13:19:56","guid":{"rendered":"https:\/\/mobileroboticssummit.de\/booking\/?post_type=product&#038;p=907"},"modified":"2025-11-17T16:23:11","modified_gmt":"2025-11-17T15:23:11","slug":"cupcake-stand","status":"publish","type":"product","link":"https:\/\/mobileroboticssummit.de\/booking\/shop\/cupcake-stand\/","title":{"rendered":"Cupcake Stand"},"content":{"rendered":"<h4 data-start=\"57\" data-end=\"180\">Wertet euren Stand mit einer Cupcake-Station<b>\u00a0<\/b>auf \u2013 betrieben von Profis vor Ort.<\/h4>\n<p>&nbsp;<\/p>\n<p data-start=\"182\" data-end=\"312\">Die Station ben\u00f6tigt ca.\u00a0<strong data-start=\"207\" data-end=\"215\">6 m\u00b2<\/strong>, <strong>inklusive M\u00f6bel, Aufbau, pers\u00f6nlichem Branding und Personal<\/strong>. Es stehen <strong>1.000 Portionen f\u00fcr beide Eventtage<\/strong>\u00a0zur Verf\u00fcgung.<\/p>\n<p data-start=\"182\" data-end=\"312\">Mehr Cupcakes? Bucht weitere <strong>100 Portionen f\u00fcr 789\u20ac dazu.<\/strong><\/p>\n<p data-start=\"314\" data-end=\"425\">Die Cupcake-Station wird nahtlos in euren Stand integriert und ist somit ein perfekter\u00a0<strong data-start=\"404\" data-end=\"422\">Besuchermagnet<\/strong>.<\/p>\n","protected":false},"excerpt":{"rendered":"<p>Wertet euren Stand mit einer Cupcake-Station\u00a0auf \u2013 betrieben von Profis vor Ort. &nbsp; Die Station ben\u00f6tigt ca.\u00a06 m\u00b2, inklusive M\u00f6bel, Aufbau, pers\u00f6nlichem Branding und Personal. Es stehen 1.000 Portionen f\u00fcr beide Eventtage\u00a0zur Verf\u00fcgung. Mehr Cupcakes? Bucht weitere 100 Portionen f\u00fcr 789\u20ac dazu. Die Cupcake-Station wird nahtlos in euren Stand integriert und ist somit ein perfekter\u00a0Besuchermagnet.<\/p>\n","protected":false},"featured_media":1033,"comment_status":"open","ping_status":"closed","template":"","meta":[],"product_brand":[],"product_cat":[56],"product_tag":[],"class_list":{"0":"post-907","1":"product","2":"type-product","3":"status-publish","4":"has-post-thumbnail","6":"product_cat-lead-magnets","7":"entry","9":"first","10":"instock","11":"sold-individually","12":"taxable","13":"shipping-taxable","14":"purchasable","15":"product-type-simple"},"_links":{"self":[{"href":"https:\/\/mobileroboticssummit.de\/booking\/wp-json\/wp\/v2\/product\/907","targetHints":{"allow":["GET"]}}],"collection":[{"href":"https:\/\/mobileroboticssummit.de\/booking\/wp-json\/wp\/v2\/product"}],"about":[{"href":"https:\/\/mobileroboticssummit.de\/booking\/wp-json\/wp\/v2\/types\/product"}],"replies":[{"embeddable":true,"href":"https:\/\/mobileroboticssummit.de\/booking\/wp-json\/wp\/v2\/comments?post=907"}],"wp:featuredmedia":[{"embeddable":true,"href":"https:\/\/mobileroboticssummit.de\/booking\/wp-json\/wp\/v2\/media\/1033"}],"wp:attachment":[{"href":"https:\/\/mobileroboticssummit.de\/booking\/wp-json\/wp\/v2\/media?parent=907"}],"wp:term":[{"taxonomy":"product_brand","embeddable":true,"href":"https:\/\/mobileroboticssummit.de\/booking\/wp-json\/wp\/v2\/product_brand?post=907"},{"taxonomy":"product_cat","embeddable":true,"href":"https:\/\/mobileroboticssummit.de\/booking\/wp-json\/wp\/v2\/product_cat?post=907"},{"taxonomy":"product_tag","embeddable":true,"href":"https:\/\/mobileroboticssummit.de\/booking\/wp-json\/wp\/v2\/product_tag?post=907"}],"curies":[{"name":"wp","href":"https:\/\/api.w.org\/{rel}","templated":true}]}}