{"id":92,"date":"2021-11-10T10:47:29","date_gmt":"2021-11-10T09:47:29","guid":{"rendered":"https:\/\/procurementsummit.de\/packages\/?post_type=product&#038;p=92"},"modified":"2025-11-12T17:37:18","modified_gmt":"2025-11-12T16:37:18","slug":"speakers-dinner","status":"publish","type":"product","link":"https:\/\/mobileroboticssummit.de\/booking\/shop\/speakers-dinner\/","title":{"rendered":"Exklusives Sponsoring des Speakers Dinner"},"content":{"rendered":"<h4>Euer Sponsoring des Speakers Dinner &#8211; Das Icebreaking Event auf Entscheiderlevel<\/h4>\n<p>&nbsp;<\/p>\n<p class=\"p1\">Das Speakers Dinner des Logistics Summit und Mobile Robotics Summit findet gemeinsam am Vorabend (06. Oktober 2026) des ersten Konferenztages (07. Oktober 2026) statt.<\/p>\n<p class=\"p1\">Wir erwarten 200+ G\u00e4ste (Speaker, VIP G\u00e4ste).<\/p>\n<p class=\"p1\">Es handelt sich hierbei um eines der ran<span class=\"s1\">gh\u00f6chsten Events im Bereich Logistik und Mobile Robotics.<\/span><\/p>\n<p class=\"p1\"><span class=\"s1\" style=\"background-color: var(--global--color-background); color: var(--global--color-primary); font-family: var(--global--font-secondary); font-size: var(--global--font-size-base);\">Als Partner habt ihr die M\u00f6glichkeit drei weitere G\u00e4ste mitzubringen.<\/span><\/p>\n<p class=\"p1\">Au\u00dferdem k\u00f6nnt ihr eine eigene Er\u00f6ffnungsrede halten, wenn es gew\u00fcnscht ist.<\/p>\n","protected":false},"excerpt":{"rendered":"<p>Euer Sponsoring des Speakers Dinner &#8211; Das Icebreaking Event auf Entscheiderlevel &nbsp; Das Speakers Dinner des Logistics Summit und Mobile Robotics Summit findet gemeinsam am Vorabend (06. Oktober 2026) des ersten Konferenztages (07. Oktober 2026) statt. Wir erwarten 200+ G\u00e4ste (Speaker, VIP G\u00e4ste). Es handelt sich hierbei um eines der rangh\u00f6chsten Events im Bereich Logistik&hellip; <a class=\"more-link\" href=\"https:\/\/mobileroboticssummit.de\/booking\/shop\/speakers-dinner\/\"><span class=\"screen-reader-text\">Exklusives Sponsoring des Speakers Dinner<\/span> weiterlesen<\/a><\/p>\n","protected":false},"featured_media":826,"comment_status":"open","ping_status":"closed","template":"","meta":[],"product_brand":[],"product_cat":[15],"product_tag":[39,40],"class_list":{"0":"post-92","1":"product","2":"type-product","3":"status-publish","4":"has-post-thumbnail","6":"product_cat-sales-networking","7":"product_tag-speakerdinner","8":"product_tag-sponsoring","9":"entry","11":"first","12":"instock","13":"sold-individually","14":"taxable","15":"shipping-taxable","16":"purchasable","17":"product-type-simple"},"_links":{"self":[{"href":"https:\/\/mobileroboticssummit.de\/booking\/wp-json\/wp\/v2\/product\/92","targetHints":{"allow":["GET"]}}],"collection":[{"href":"https:\/\/mobileroboticssummit.de\/booking\/wp-json\/wp\/v2\/product"}],"about":[{"href":"https:\/\/mobileroboticssummit.de\/booking\/wp-json\/wp\/v2\/types\/product"}],"replies":[{"embeddable":true,"href":"https:\/\/mobileroboticssummit.de\/booking\/wp-json\/wp\/v2\/comments?post=92"}],"wp:featuredmedia":[{"embeddable":true,"href":"https:\/\/mobileroboticssummit.de\/booking\/wp-json\/wp\/v2\/media\/826"}],"wp:attachment":[{"href":"https:\/\/mobileroboticssummit.de\/booking\/wp-json\/wp\/v2\/media?parent=92"}],"wp:term":[{"taxonomy":"product_brand","embeddable":true,"href":"https:\/\/mobileroboticssummit.de\/booking\/wp-json\/wp\/v2\/product_brand?post=92"},{"taxonomy":"product_cat","embeddable":true,"href":"https:\/\/mobileroboticssummit.de\/booking\/wp-json\/wp\/v2\/product_cat?post=92"},{"taxonomy":"product_tag","embeddable":true,"href":"https:\/\/mobileroboticssummit.de\/booking\/wp-json\/wp\/v2\/product_tag?post=92"}],"curies":[{"name":"wp","href":"https:\/\/api.w.org\/{rel}","templated":true}]}}